{"id":313,"date":"2024-05-05T12:23:49","date_gmt":"2024-05-05T12:23:49","guid":{"rendered":"https:\/\/wadirumthebedouindesert.com\/?page_id=313"},"modified":"2024-05-07T19:36:39","modified_gmt":"2024-05-07T19:36:39","slug":"privacy-policy","status":"publish","type":"page","link":"https:\/\/wadirumthebedouindesert.com\/fr\/privacy-policy\/","title":{"rendered":"Politique de confidentialit\u00e9"},"content":{"rendered":"<div data-elementor-type=\"wp-page\" data-elementor-id=\"313\" class=\"elementor elementor-313\" data-elementor-post-type=\"page\">\n\t\t\t\t<div class=\"elementor-element elementor-element-ea5c797 e-flex e-con-boxed e-con e-parent\" data-id=\"ea5c797\" data-element_type=\"container\" data-e-type=\"container\" data-settings=\"{&quot;jet_parallax_layout_list&quot;:[]}\">\n\t\t\t\t\t<div class=\"e-con-inner\">\n\t\t\t\t<div class=\"elementor-element elementor-element-62e6a89 elementor-widget elementor-widget-heading\" data-id=\"62e6a89\" data-element_type=\"widget\" data-e-type=\"widget\" data-widget_type=\"heading.default\">\n\t\t\t\t<div class=\"elementor-widget-container\">\n\t\t\t\t\t<h1 class=\"elementor-heading-title elementor-size-default\">Politique de confidentialit\u00e9<\/h1>\t\t\t\t<\/div>\n\t\t\t\t<\/div>\n\t\t\t\t<div class=\"elementor-element elementor-element-4a7d2b2 elementor-widget elementor-widget-text-editor\" data-id=\"4a7d2b2\" data-element_type=\"widget\" data-e-type=\"widget\" data-widget_type=\"text-editor.default\">\n\t\t\t\t<div class=\"elementor-widget-container\">\n\t\t\t\t\t\t\t\t\t<p>Nous avons adopt\u00e9 cette politique de confidentialit\u00e9, qui d\u00e9termine la mani\u00e8re dont nous traitons les informations collect\u00e9es par Wadi Rum le d\u00e9sert b\u00e9douin, et fournit \u00e9galement les raisons pour lesquelles nous avons besoin de collecter certaines donn\u00e9es \u00e0 caract\u00e8re personnel vous concernant. Vous devez donc lire cette politique de confidentialit\u00e9 avant d'utiliser le site web de Wadi Rum le d\u00e9sert b\u00e9douin.<\/p><p>Nous prenons soin de vos donn\u00e9es personnelles et nous nous engageons \u00e0 en assurer la confidentialit\u00e9 et la s\u00e9curit\u00e9.<\/p><p><strong>Informations personnelles que nous recueillons :<\/strong><\/p><p>Lorsque vous visitez le site wadirumthebedouindesert.com, nous recueillons automatiquement certaines informations sur votre appareil, notamment sur votre navigateur web, votre adresse IP, votre fuseau horaire et certains des cookies install\u00e9s sur votre appareil. En outre, lorsque vous naviguez sur le site, nous recueillons des informations sur les pages web ou les produits individuels que vous consultez, les sites web ou les termes de recherche qui vous ont renvoy\u00e9 sur le site, et la mani\u00e8re dont vous interagissez avec le site. Ces informations collect\u00e9es automatiquement sont appel\u00e9es \"informations relatives \u00e0 l'appareil\". En outre, nous pouvons recueillir des donn\u00e9es personnelles que vous nous fournissez (y compris, mais sans s'y limiter, le nom, le pr\u00e9nom, l'adresse, etc.)<\/p><p><strong>Pourquoi nous traitons vos donn\u00e9es :<\/strong><\/p><p>Notre priorit\u00e9 absolue est la s\u00e9curit\u00e9 des donn\u00e9es des clients et, \u00e0 ce titre, nous ne pouvons traiter que des donn\u00e9es minimales sur les utilisateurs, dans la mesure o\u00f9 cela est absolument n\u00e9cessaire pour maintenir le site web. Les informations collect\u00e9es automatiquement sont utilis\u00e9es uniquement pour identifier les cas potentiels d'abus et pour \u00e9tablir des informations statistiques concernant l'utilisation du site web. Ces informations statistiques ne sont pas agr\u00e9g\u00e9es d'une mani\u00e8re qui permettrait d'identifier un utilisateur particulier du syst\u00e8me.<\/p><p>Vous pouvez visiter le site web sans nous dire qui vous \u00eates ni r\u00e9v\u00e9ler d'informations permettant de vous identifier en tant qu'individu sp\u00e9cifique et identifiable. Toutefois, si vous souhaitez utiliser certaines fonctionnalit\u00e9s du site web, ou si vous souhaitez recevoir notre lettre d'information ou fournir d'autres d\u00e9tails en remplissant un formulaire, vous pouvez nous fournir des donn\u00e9es personnelles telles que votre adresse \u00e9lectronique, votre pr\u00e9nom, votre nom de famille, votre ville de r\u00e9sidence, votre organisation ou votre num\u00e9ro de t\u00e9l\u00e9phone. Vous pouvez choisir de ne pas nous fournir vos donn\u00e9es personnelles, mais il se peut alors que vous ne puissiez pas profiter de certaines fonctionnalit\u00e9s du site web. Par exemple, vous ne pourrez peut-\u00eatre pas recevoir notre bulletin d'information ou nous contacter directement \u00e0 partir du site web. Les utilisateurs qui ne savent pas quelles informations sont obligatoires sont invit\u00e9s \u00e0 nous contacter \u00e0 l'adresse suivante <a target=\"_new\" rel=\"noreferrer\">contact@wadirumthebedouindesert.com<\/a>.<\/p><p><strong>Vos droits :<\/strong><\/p><p>Si vous \u00eates r\u00e9sident de l'Union europ\u00e9enne, vous disposez des droits suivants concernant vos donn\u00e9es personnelles :<\/p><ul><li><strong>Le droit d'\u00eatre inform\u00e9.<\/strong><\/li><li><strong>Le droit d'acc\u00e8s.<\/strong><\/li><li><strong>Le droit de rectification.<\/strong><\/li><li><strong>Le droit \u00e0 l'effacement.<\/strong><\/li><li><strong>Le droit de restreindre le traitement.<\/strong><\/li><li><strong>Le droit \u00e0 la portabilit\u00e9 des donn\u00e9es.<\/strong><\/li><li><strong>Le droit d'opposition.<\/strong><\/li><li><strong>Droits relatifs \u00e0 la prise de d\u00e9cision automatis\u00e9e et au profilage.<\/strong><\/li><\/ul><div><b>\u00a0<\/b><\/div><p>Si vous souhaitez exercer ces droits, veuillez nous contacter en utilisant les coordonn\u00e9es ci-dessous.<\/p><p>En outre, si vous r\u00e9sidez dans l'Union europ\u00e9enne, veuillez noter que nous traitons vos informations pour ex\u00e9cuter les contrats que nous pourrions avoir avec vous, ou pour poursuivre nos int\u00e9r\u00eats commerciaux l\u00e9gitimes \u00e9num\u00e9r\u00e9s ci-dessus.<\/p><p><strong>Liens vers d'autres sites web :<\/strong><\/p><p>Notre site web peut contenir des liens vers d'autres sites web qui ne nous appartiennent pas et ne sont pas contr\u00f4l\u00e9s par nous. Veuillez noter que nous ne sommes pas responsables des pratiques en mati\u00e8re de protection de la vie priv\u00e9e de ces autres sites web ou de ces tiers. Nous vous encourageons \u00e0 faire preuve de prudence lorsque vous quittez notre site web et \u00e0 lire les d\u00e9clarations de confidentialit\u00e9 de chaque site web susceptible de collecter des informations personnelles.<\/p><p><strong>S\u00e9curit\u00e9 de l'information :<\/strong><\/p><p>Nous s\u00e9curisons les informations que vous fournissez sur des serveurs informatiques dans un environnement contr\u00f4l\u00e9 et s\u00e9curis\u00e9, \u00e0 l'abri de tout acc\u00e8s, utilisation ou divulgation non autoris\u00e9s. Nous maintenons des mesures de protection administratives, techniques et physiques raisonnables pour emp\u00eacher l'acc\u00e8s, l'utilisation, l'alt\u00e9ration et la divulgation non autoris\u00e9s des donn\u00e9es \u00e0 caract\u00e8re personnel dont nous avons le contr\u00f4le et la garde. Toutefois, aucune transmission de donn\u00e9es sur Internet ou sur un r\u00e9seau sans fil ne peut \u00eatre garantie.<\/p><p><strong>Divulgation l\u00e9gale :<\/strong><\/p><p>Nous divulguerons toute information que nous recueillons, utilisons ou recevons si la loi l'exige ou le permet, par exemple pour nous conformer \u00e0 une citation \u00e0 compara\u00eetre ou \u00e0 une proc\u00e9dure judiciaire similaire, et lorsque nous estimons de bonne foi que la divulgation est n\u00e9cessaire pour prot\u00e9ger nos droits, votre s\u00e9curit\u00e9 ou celle d'autrui, enqu\u00eater sur une fraude ou r\u00e9pondre \u00e0 une demande du gouvernement.<\/p><p><strong>Informations de contact :<\/strong><\/p><p>Si vous souhaitez nous contacter pour mieux comprendre cette politique ou si vous avez des questions concernant les droits individuels et vos informations personnelles, veuillez envoyer un courriel \u00e0 <a target=\"_new\" rel=\"noreferrer\">wadirumthebedouindesert<\/a><a target=\"_new\" rel=\"noreferrer\">@gmail.com<\/a>.<\/p>\t\t\t\t\t\t\t\t<\/div>\n\t\t\t\t<\/div>\n\t\t\t\t\t<\/div>\n\t\t\t\t<\/div>\n\t\t\t\t<\/div>","protected":false},"excerpt":{"rendered":"<p>Privacy Policy We have adopted this Privacy Policy, which determines how we process information collected by Wadi Rum the Bedouin Desert, and also provides the reasons why we need to collect certain personal data about you. Therefore, you should read this Privacy Policy before using the Wadi Rum the Bedouin Desert website. We take care [&hellip;]<\/p>\n","protected":false},"author":1,"featured_media":0,"parent":0,"menu_order":0,"comment_status":"closed","ping_status":"closed","template":"elementor_header_footer","meta":{"footnotes":""},"class_list":["post-313","page","type-page","status-publish","hentry"],"yoast_head":"<!-- This site is optimized with the Yoast SEO plugin v27.4 - https:\/\/yoast.com\/product\/yoast-seo-wordpress\/ -->\n<title>Privacy Policy - Wadi Rum The Bedouin Desert<\/title>\n<meta name=\"robots\" content=\"index, follow, max-snippet:-1, max-image-preview:large, max-video-preview:-1\" \/>\n<link rel=\"canonical\" href=\"https:\/\/wadirumthebedouindesert.com\/fr\/privacy-policy\/\" \/>\n<meta property=\"og:locale\" content=\"fr_FR\" \/>\n<meta property=\"og:type\" content=\"article\" \/>\n<meta property=\"og:title\" content=\"Privacy Policy - Wadi Rum The Bedouin Desert\" \/>\n<meta property=\"og:description\" content=\"Privacy Policy We have adopted this Privacy Policy, which determines how we process information collected by Wadi Rum the Bedouin Desert, and also provides the reasons why we need to collect certain personal data about you. Therefore, you should read this Privacy Policy before using the Wadi Rum the Bedouin Desert website. We take care [&hellip;]\" \/>\n<meta property=\"og:url\" content=\"https:\/\/wadirumthebedouindesert.com\/fr\/privacy-policy\/\" \/>\n<meta property=\"og:site_name\" content=\"Wadi Rum The Bedouin Desert\" \/>\n<meta property=\"article:modified_time\" content=\"2024-05-07T19:36:39+00:00\" \/>\n<meta name=\"twitter:card\" content=\"summary_large_image\" \/>\n<meta name=\"twitter:label1\" content=\"Dur\u00e9e de lecture estim\u00e9e\" \/>\n\t<meta name=\"twitter:data1\" content=\"4 minutes\" \/>\n<script type=\"application\/ld+json\" class=\"yoast-schema-graph\">{\"@context\":\"https:\\\/\\\/schema.org\",\"@graph\":[{\"@type\":\"WebPage\",\"@id\":\"https:\\\/\\\/wadirumthebedouindesert.com\\\/privacy-policy\\\/\",\"url\":\"https:\\\/\\\/wadirumthebedouindesert.com\\\/privacy-policy\\\/\",\"name\":\"Privacy Policy - Wadi Rum The Bedouin Desert\",\"isPartOf\":{\"@id\":\"https:\\\/\\\/wadirumthebedouindesert.com\\\/#website\"},\"datePublished\":\"2024-05-05T12:23:49+00:00\",\"dateModified\":\"2024-05-07T19:36:39+00:00\",\"breadcrumb\":{\"@id\":\"https:\\\/\\\/wadirumthebedouindesert.com\\\/privacy-policy\\\/#breadcrumb\"},\"inLanguage\":\"fr-FR\",\"potentialAction\":[{\"@type\":\"ReadAction\",\"target\":[\"https:\\\/\\\/wadirumthebedouindesert.com\\\/privacy-policy\\\/\"]}]},{\"@type\":\"BreadcrumbList\",\"@id\":\"https:\\\/\\\/wadirumthebedouindesert.com\\\/privacy-policy\\\/#breadcrumb\",\"itemListElement\":[{\"@type\":\"ListItem\",\"position\":1,\"name\":\"Accueil\",\"item\":\"https:\\\/\\\/wadirumthebedouindesert.com\\\/\"},{\"@type\":\"ListItem\",\"position\":2,\"name\":\"Privacy Policy\"}]},{\"@type\":\"WebSite\",\"@id\":\"https:\\\/\\\/wadirumthebedouindesert.com\\\/#website\",\"url\":\"https:\\\/\\\/wadirumthebedouindesert.com\\\/\",\"name\":\"Wadi Rum The Bedouin Desert\",\"description\":\"\",\"publisher\":{\"@id\":\"https:\\\/\\\/wadirumthebedouindesert.com\\\/#organization\"},\"potentialAction\":[{\"@type\":\"SearchAction\",\"target\":{\"@type\":\"EntryPoint\",\"urlTemplate\":\"https:\\\/\\\/wadirumthebedouindesert.com\\\/?s={search_term_string}\"},\"query-input\":{\"@type\":\"PropertyValueSpecification\",\"valueRequired\":true,\"valueName\":\"search_term_string\"}}],\"inLanguage\":\"fr-FR\"},{\"@type\":\"Organization\",\"@id\":\"https:\\\/\\\/wadirumthebedouindesert.com\\\/#organization\",\"name\":\"Wadi Rum The Bedouin Desert\",\"url\":\"https:\\\/\\\/wadirumthebedouindesert.com\\\/\",\"logo\":{\"@type\":\"ImageObject\",\"inLanguage\":\"fr-FR\",\"@id\":\"https:\\\/\\\/wadirumthebedouindesert.com\\\/#\\\/schema\\\/logo\\\/image\\\/\",\"url\":\"https:\\\/\\\/wadirumthebedouindesert.com\\\/wp-content\\\/uploads\\\/2024\\\/05\\\/Logo-rond-3.png\",\"contentUrl\":\"https:\\\/\\\/wadirumthebedouindesert.com\\\/wp-content\\\/uploads\\\/2024\\\/05\\\/Logo-rond-3.png\",\"width\":1563,\"height\":1165,\"caption\":\"Wadi Rum The Bedouin Desert\"},\"image\":{\"@id\":\"https:\\\/\\\/wadirumthebedouindesert.com\\\/#\\\/schema\\\/logo\\\/image\\\/\"}}]}<\/script>\n<!-- \/ Yoast SEO plugin. -->","yoast_head_json":{"title":"Privacy Policy - Wadi Rum The Bedouin Desert","robots":{"index":"index","follow":"follow","max-snippet":"max-snippet:-1","max-image-preview":"max-image-preview:large","max-video-preview":"max-video-preview:-1"},"canonical":"https:\/\/wadirumthebedouindesert.com\/fr\/privacy-policy\/","og_locale":"fr_FR","og_type":"article","og_title":"Privacy Policy - Wadi Rum The Bedouin Desert","og_description":"Privacy Policy We have adopted this Privacy Policy, which determines how we process information collected by Wadi Rum the Bedouin Desert, and also provides the reasons why we need to collect certain personal data about you. Therefore, you should read this Privacy Policy before using the Wadi Rum the Bedouin Desert website. We take care [&hellip;]","og_url":"https:\/\/wadirumthebedouindesert.com\/fr\/privacy-policy\/","og_site_name":"Wadi Rum The Bedouin Desert","article_modified_time":"2024-05-07T19:36:39+00:00","twitter_card":"summary_large_image","twitter_misc":{"Dur\u00e9e de lecture estim\u00e9e":"4 minutes"},"schema":{"@context":"https:\/\/schema.org","@graph":[{"@type":"WebPage","@id":"https:\/\/wadirumthebedouindesert.com\/privacy-policy\/","url":"https:\/\/wadirumthebedouindesert.com\/privacy-policy\/","name":"Privacy Policy - Wadi Rum The Bedouin Desert","isPartOf":{"@id":"https:\/\/wadirumthebedouindesert.com\/#website"},"datePublished":"2024-05-05T12:23:49+00:00","dateModified":"2024-05-07T19:36:39+00:00","breadcrumb":{"@id":"https:\/\/wadirumthebedouindesert.com\/privacy-policy\/#breadcrumb"},"inLanguage":"fr-FR","potentialAction":[{"@type":"ReadAction","target":["https:\/\/wadirumthebedouindesert.com\/privacy-policy\/"]}]},{"@type":"BreadcrumbList","@id":"https:\/\/wadirumthebedouindesert.com\/privacy-policy\/#breadcrumb","itemListElement":[{"@type":"ListItem","position":1,"name":"Accueil","item":"https:\/\/wadirumthebedouindesert.com\/"},{"@type":"ListItem","position":2,"name":"Privacy Policy"}]},{"@type":"WebSite","@id":"https:\/\/wadirumthebedouindesert.com\/#website","url":"https:\/\/wadirumthebedouindesert.com\/","name":"Wadi Rum Le d\u00e9sert b\u00e9douin","description":"","publisher":{"@id":"https:\/\/wadirumthebedouindesert.com\/#organization"},"potentialAction":[{"@type":"SearchAction","target":{"@type":"EntryPoint","urlTemplate":"https:\/\/wadirumthebedouindesert.com\/?s={search_term_string}"},"query-input":{"@type":"PropertyValueSpecification","valueRequired":true,"valueName":"search_term_string"}}],"inLanguage":"fr-FR"},{"@type":"Organization","@id":"https:\/\/wadirumthebedouindesert.com\/#organization","name":"Wadi Rum Le d\u00e9sert b\u00e9douin","url":"https:\/\/wadirumthebedouindesert.com\/","logo":{"@type":"ImageObject","inLanguage":"fr-FR","@id":"https:\/\/wadirumthebedouindesert.com\/#\/schema\/logo\/image\/","url":"https:\/\/wadirumthebedouindesert.com\/wp-content\/uploads\/2024\/05\/Logo-rond-3.png","contentUrl":"https:\/\/wadirumthebedouindesert.com\/wp-content\/uploads\/2024\/05\/Logo-rond-3.png","width":1563,"height":1165,"caption":"Wadi Rum The Bedouin Desert"},"image":{"@id":"https:\/\/wadirumthebedouindesert.com\/#\/schema\/logo\/image\/"}}]}},"_links":{"self":[{"href":"https:\/\/wadirumthebedouindesert.com\/fr\/wp-json\/wp\/v2\/pages\/313","targetHints":{"allow":["GET"]}}],"collection":[{"href":"https:\/\/wadirumthebedouindesert.com\/fr\/wp-json\/wp\/v2\/pages"}],"about":[{"href":"https:\/\/wadirumthebedouindesert.com\/fr\/wp-json\/wp\/v2\/types\/page"}],"author":[{"embeddable":true,"href":"https:\/\/wadirumthebedouindesert.com\/fr\/wp-json\/wp\/v2\/users\/1"}],"replies":[{"embeddable":true,"href":"https:\/\/wadirumthebedouindesert.com\/fr\/wp-json\/wp\/v2\/comments?post=313"}],"version-history":[{"count":7,"href":"https:\/\/wadirumthebedouindesert.com\/fr\/wp-json\/wp\/v2\/pages\/313\/revisions"}],"predecessor-version":[{"id":380,"href":"https:\/\/wadirumthebedouindesert.com\/fr\/wp-json\/wp\/v2\/pages\/313\/revisions\/380"}],"wp:attachment":[{"href":"https:\/\/wadirumthebedouindesert.com\/fr\/wp-json\/wp\/v2\/media?parent=313"}],"curies":[{"name":"wp","href":"https:\/\/api.w.org\/{rel}","templated":true}]}}